{"id":1670,"date":"2024-03-09T16:16:03","date_gmt":"2024-03-09T16:16:03","guid":{"rendered":"http:\/\/www.benkadi.fr\/?page_id=1670"},"modified":"2024-03-10T17:56:58","modified_gmt":"2024-03-10T17:56:58","slug":"celine-dahan","status":"publish","type":"page","link":"http:\/\/www.benkadi.fr\/?page_id=1670","title":{"rendered":"C\u00e9line Dahan"},"content":{"rendered":"\n<div class=\"wp-block-columns is-layout-flex wp-container-core-columns-layout-1 wp-block-columns-is-layout-flex\">\n<div class=\"wp-block-column is-layout-flow wp-block-column-is-layout-flow\" style=\"flex-basis:33.33%\">\n<figure class=\"wp-block-image size-full is-resized is-style-rounded\"><a href=\"http:\/\/www.benkadi.fr\/wp-content\/uploads\/2024\/03\/celine-edited.jpg\"><img loading=\"lazy\" decoding=\"async\" width=\"602\" height=\"602\" src=\"http:\/\/www.benkadi.fr\/wp-content\/uploads\/2024\/03\/celine-edited.jpg\" alt=\"\" class=\"wp-image-1530\" style=\"width:252px;height:auto\" srcset=\"http:\/\/www.benkadi.fr\/wp-content\/uploads\/2024\/03\/celine-edited.jpg 602w, http:\/\/www.benkadi.fr\/wp-content\/uploads\/2024\/03\/celine-edited-300x300.jpg 300w, http:\/\/www.benkadi.fr\/wp-content\/uploads\/2024\/03\/celine-edited-150x150.jpg 150w, http:\/\/www.benkadi.fr\/wp-content\/uploads\/2024\/03\/celine-edited-400x400.jpg 400w, http:\/\/www.benkadi.fr\/wp-content\/uploads\/2024\/03\/celine-edited-270x270.jpg 270w\" sizes=\"(max-width: 602px) 100vw, 602px\" \/><\/a><\/figure>\n<\/div>\n\n\n\n<div class=\"wp-block-column is-layout-flow wp-block-column-is-layout-flow\" style=\"flex-basis:66.66%\">\n<p class=\"has-text-align-left\" style=\"font-size:17px\">C\u00e9line est psychologue \u00e0 Rennes. Durant son<br>cursus, elle d\u00e9couvre les polyphonies d&rsquo;Afrique<br>et commence \u00e0 animer un choeur \u00e0 BENKADI.<br>Passionn\u00e9e par les techniques cr\u00e9atives<br>th\u00e9rapeutiques, elle se forme \u00e0 l&rsquo;hypnose et<br>construit des espaces collectifs<br>d&rsquo;exp\u00e9rimentation et de bien \u00eatre autour du<br>son et du mouvement.<\/p>\n<\/div>\n<\/div>\n\n\n\n<div style=\"height:20px\" aria-hidden=\"true\" class=\"wp-block-spacer\"><\/div>\n\n\n\n<blockquote class=\"wp-block-quote\">\n<p>Le chant polyphonique utilise plusieurs voix<br>qui s\u00e9par\u00e9ment semblent ne rien \u00e0 voir les<br>unes avec les autres et pourtant le fait qu&rsquo;elles<br>co-existent cr\u00e9e une compl\u00e9mentarit\u00e9, une<br>diversit\u00e9 et une synergie, ce qui me semble<br>\u00eatre une bonne m\u00e9taphore pour la relation \u00e0<br>l&rsquo;autre et la vie en soci\u00e9t\u00e9.<\/p>\n<\/blockquote>\n\n\n\n<div class=\"wp-block-buttons is-content-justification-center is-layout-flex wp-container-core-buttons-layout-1 wp-block-buttons-is-layout-flex\">\n<div class=\"wp-block-button\"><a class=\"wp-block-button__link has-background wp-element-button\" href=\"http:\/\/www.benkadi.fr\/?page_id=1897\" style=\"background-color:#ed6e37\">Chorale polyphonique<\/a><\/div>\n<\/div>\n","protected":false},"excerpt":{"rendered":"<p>C\u00e9line est psychologue \u00e0 Rennes. Durant soncursus, elle d\u00e9couvre les polyphonies d&rsquo;Afriqueet commence \u00e0 animer un choeur \u00e0 BENKADI.Passionn\u00e9e par les techniques cr\u00e9ativesth\u00e9rapeutiques, elle se forme \u00e0 l&rsquo;hypnose etconstruit des espaces collectifsd&rsquo;exp\u00e9rimentation et de bien \u00eatre autour duson et du &#8230;<\/p>\n","protected":false},"author":33,"featured_media":1530,"parent":0,"menu_order":0,"comment_status":"closed","ping_status":"closed","template":"","meta":{"footnotes":""},"_links":{"self":[{"href":"http:\/\/www.benkadi.fr\/index.php?rest_route=\/wp\/v2\/pages\/1670"}],"collection":[{"href":"http:\/\/www.benkadi.fr\/index.php?rest_route=\/wp\/v2\/pages"}],"about":[{"href":"http:\/\/www.benkadi.fr\/index.php?rest_route=\/wp\/v2\/types\/page"}],"author":[{"embeddable":true,"href":"http:\/\/www.benkadi.fr\/index.php?rest_route=\/wp\/v2\/users\/33"}],"replies":[{"embeddable":true,"href":"http:\/\/www.benkadi.fr\/index.php?rest_route=%2Fwp%2Fv2%2Fcomments&post=1670"}],"version-history":[{"count":28,"href":"http:\/\/www.benkadi.fr\/index.php?rest_route=\/wp\/v2\/pages\/1670\/revisions"}],"predecessor-version":[{"id":1921,"href":"http:\/\/www.benkadi.fr\/index.php?rest_route=\/wp\/v2\/pages\/1670\/revisions\/1921"}],"wp:featuredmedia":[{"embeddable":true,"href":"http:\/\/www.benkadi.fr\/index.php?rest_route=\/wp\/v2\/media\/1530"}],"wp:attachment":[{"href":"http:\/\/www.benkadi.fr\/index.php?rest_route=%2Fwp%2Fv2%2Fmedia&parent=1670"}],"curies":[{"name":"wp","href":"https:\/\/api.w.org\/{rel}","templated":true}]}}