{"id":1686,"date":"2024-03-09T17:34:58","date_gmt":"2024-03-09T17:34:58","guid":{"rendered":"http:\/\/www.benkadi.fr\/?page_id=1686"},"modified":"2025-09-10T17:48:46","modified_gmt":"2025-09-10T17:48:46","slug":"percussions-mandingues","status":"publish","type":"page","link":"http:\/\/www.benkadi.fr\/?page_id=1686","title":{"rendered":"Ensemble de percussions mandingues"},"content":{"rendered":"<div class=\"wp-block-image\">\n<figure class=\"aligncenter size-full\"><a href=\"http:\/\/www.benkadi.fr\/wp-content\/uploads\/2024\/03\/bande.png\"><img loading=\"lazy\" decoding=\"async\" width=\"456\" height=\"19\" src=\"http:\/\/www.benkadi.fr\/wp-content\/uploads\/2024\/03\/bande.png\" alt=\"\" class=\"wp-image-1832\" srcset=\"http:\/\/www.benkadi.fr\/wp-content\/uploads\/2024\/03\/bande.png 456w, http:\/\/www.benkadi.fr\/wp-content\/uploads\/2024\/03\/bande-300x13.png 300w\" sizes=\"(max-width: 456px) 100vw, 456px\" \/><\/a><\/figure><\/div>\n\n\n<figure class=\"wp-block-gallery has-nested-images columns-default is-cropped wp-block-gallery-1 is-layout-flex wp-block-gallery-is-layout-flex\">\n<figure class=\"wp-block-image size-large\"><a href=\"http:\/\/www.benkadi.fr\/wp-content\/uploads\/2024\/03\/WhatsApp-Image-2024-02-29-at-11.57.01.jpeg\"><img loading=\"lazy\" decoding=\"async\" width=\"1024\" height=\"682\" data-id=\"1540\" src=\"http:\/\/www.benkadi.fr\/wp-content\/uploads\/2024\/03\/WhatsApp-Image-2024-02-29-at-11.57.01-1024x682.jpeg\" alt=\"\" class=\"wp-image-1540\" srcset=\"http:\/\/www.benkadi.fr\/wp-content\/uploads\/2024\/03\/WhatsApp-Image-2024-02-29-at-11.57.01-1024x682.jpeg 1024w, http:\/\/www.benkadi.fr\/wp-content\/uploads\/2024\/03\/WhatsApp-Image-2024-02-29-at-11.57.01-300x200.jpeg 300w, http:\/\/www.benkadi.fr\/wp-content\/uploads\/2024\/03\/WhatsApp-Image-2024-02-29-at-11.57.01-768x512.jpeg 768w, http:\/\/www.benkadi.fr\/wp-content\/uploads\/2024\/03\/WhatsApp-Image-2024-02-29-at-11.57.01-1536x1023.jpeg 1536w, http:\/\/www.benkadi.fr\/wp-content\/uploads\/2024\/03\/WhatsApp-Image-2024-02-29-at-11.57.01-800x533.jpeg 800w, http:\/\/www.benkadi.fr\/wp-content\/uploads\/2024\/03\/WhatsApp-Image-2024-02-29-at-11.57.01.jpeg 1600w\" sizes=\"(max-width: 1024px) 100vw, 1024px\" \/><\/a><\/figure>\n\n\n\n<figure class=\"wp-block-image size-large\"><a href=\"http:\/\/www.benkadi.fr\/wp-content\/uploads\/2024\/03\/WhatsApp-Image-2024-02-29-at-11.57.05.jpeg\"><img loading=\"lazy\" decoding=\"async\" width=\"682\" height=\"1024\" data-id=\"1538\" src=\"http:\/\/www.benkadi.fr\/wp-content\/uploads\/2024\/03\/WhatsApp-Image-2024-02-29-at-11.57.05-682x1024.jpeg\" alt=\"\" class=\"wp-image-1538\" srcset=\"http:\/\/www.benkadi.fr\/wp-content\/uploads\/2024\/03\/WhatsApp-Image-2024-02-29-at-11.57.05-682x1024.jpeg 682w, http:\/\/www.benkadi.fr\/wp-content\/uploads\/2024\/03\/WhatsApp-Image-2024-02-29-at-11.57.05-200x300.jpeg 200w, http:\/\/www.benkadi.fr\/wp-content\/uploads\/2024\/03\/WhatsApp-Image-2024-02-29-at-11.57.05-768x1153.jpeg 768w, http:\/\/www.benkadi.fr\/wp-content\/uploads\/2024\/03\/WhatsApp-Image-2024-02-29-at-11.57.05-1023x1536.jpeg 1023w, http:\/\/www.benkadi.fr\/wp-content\/uploads\/2024\/03\/WhatsApp-Image-2024-02-29-at-11.57.05-800x1201.jpeg 800w, http:\/\/www.benkadi.fr\/wp-content\/uploads\/2024\/03\/WhatsApp-Image-2024-02-29-at-11.57.05.jpeg 1066w\" sizes=\"(max-width: 682px) 100vw, 682px\" \/><\/a><\/figure>\n\n\n\n<figure class=\"wp-block-image size-large\"><a href=\"http:\/\/www.benkadi.fr\/wp-content\/uploads\/2024\/03\/WhatsApp-Image-2024-02-29-at-11.56.591.jpeg\"><img loading=\"lazy\" decoding=\"async\" width=\"1024\" height=\"561\" data-id=\"1542\" src=\"http:\/\/www.benkadi.fr\/wp-content\/uploads\/2024\/03\/WhatsApp-Image-2024-02-29-at-11.56.591-1024x561.jpeg\" alt=\"\" class=\"wp-image-1542\" srcset=\"http:\/\/www.benkadi.fr\/wp-content\/uploads\/2024\/03\/WhatsApp-Image-2024-02-29-at-11.56.591-1024x561.jpeg 1024w, http:\/\/www.benkadi.fr\/wp-content\/uploads\/2024\/03\/WhatsApp-Image-2024-02-29-at-11.56.591-300x164.jpeg 300w, http:\/\/www.benkadi.fr\/wp-content\/uploads\/2024\/03\/WhatsApp-Image-2024-02-29-at-11.56.591-768x421.jpeg 768w, http:\/\/www.benkadi.fr\/wp-content\/uploads\/2024\/03\/WhatsApp-Image-2024-02-29-at-11.56.591-1536x842.jpeg 1536w, http:\/\/www.benkadi.fr\/wp-content\/uploads\/2024\/03\/WhatsApp-Image-2024-02-29-at-11.56.591-800x439.jpeg 800w, http:\/\/www.benkadi.fr\/wp-content\/uploads\/2024\/03\/WhatsApp-Image-2024-02-29-at-11.56.591.jpeg 1600w\" sizes=\"(max-width: 1024px) 100vw, 1024px\" \/><\/a><\/figure>\n<\/figure>\n\n\n\n<p>&nbsp;<\/p>\n\n\n\n<blockquote class=\"wp-block-quote\">\n<p>J&rsquo;enseigne les techniques de base du djemb\u00e9<br>(tambour \u00e0 peau de ch\u00e8vre jou\u00e9 avec les mains)<br>et du dundun (tambour \u00e0 peau de vache jou\u00e9<br>avec des battes et des cloches). Je vous propose<br>une d\u00e9couverte du r\u00e9pertoire mandingue par<br>une s\u00e9rie d&rsquo;exercices. Notre objectif : r\u00e9aliser une<br>cr\u00e9ation autour d&rsquo;un standard de la musique<br>d&rsquo;Afrique de l&rsquo;ouest.<\/p>\n\n\n\n<p>&nbsp;<\/p>\n<cite>Pierre <\/cite><\/blockquote>\n\n\n\n<div class=\"wp-block-columns is-layout-flex wp-container-core-columns-layout-1 wp-block-columns-is-layout-flex\">\n<div class=\"wp-block-column is-layout-flow wp-block-column-is-layout-flow\" style=\"flex-basis:33.33%\">\n<p class=\"has-black-color has-text-color has-background has-link-color has-small-font-size wp-elements-823a0168a086fdcb55a60ddf390f4c3d\" style=\"background-color:#ed6e37\"><strong>Cotisations : 225 euros<\/strong><\/p>\n\n\n\n<p class=\"has-black-color has-text-color has-background has-link-color has-small-font-size wp-elements-4f782c0ecc8d59f5493fe67275095738\" style=\"background-color:#ed6e37\"><strong>Adh\u00e9sion : 8 euros<\/strong><\/p>\n<\/div>\n\n\n\n<div class=\"wp-block-column is-layout-flow wp-block-column-is-layout-flow\" style=\"flex-basis:66.66%\">\n<p class=\"has-medium-font-size\">Mardi 19h-20h30<\/p>\n\n\n\n<p class=\"has-small-font-size\">Promenade Henri Verger, 35410 Nouvoitou<\/p>\n\n\n\n<p class=\"has-small-font-size\">Complexe du Bocage, Salle des Sorbier<\/p>\n<\/div>\n<\/div>\n\n\n\n<p class=\"has-text-align-center\">Reprise le 16 septembre<br><a href=\"mailto:associationbenkadi@gmail.com\" target=\"_blank\" rel=\"noreferrer noopener\">Nous contacter <\/a>pour effectuer une s\u00e9ance d&rsquo;essai ou vous inscrire<\/p>\n\n\n\n<div class=\"wp-block-buttons is-content-justification-center is-layout-flex wp-container-core-buttons-layout-1 wp-block-buttons-is-layout-flex\">\n<div class=\"wp-block-button\"><a class=\"wp-block-button__link has-background wp-element-button\" href=\"http:\/\/www.benkadi.fr\/?page_id=1693\" style=\"background-color:#ed6e37\">Pierre Normand<\/a><\/div>\n<\/div>\n","protected":false},"excerpt":{"rendered":"<p>&nbsp; J&rsquo;enseigne les techniques de base du djemb\u00e9(tambour \u00e0 peau de ch\u00e8vre jou\u00e9 avec les mains)et du dundun (tambour \u00e0 peau de vache jou\u00e9avec des battes et des cloches). Je vous proposeune d\u00e9couverte du r\u00e9pertoire mandingue parune s\u00e9rie d&rsquo;exercices. Notre &#8230;<\/p>\n","protected":false},"author":33,"featured_media":0,"parent":0,"menu_order":0,"comment_status":"closed","ping_status":"closed","template":"","meta":{"footnotes":""},"_links":{"self":[{"href":"http:\/\/www.benkadi.fr\/index.php?rest_route=\/wp\/v2\/pages\/1686"}],"collection":[{"href":"http:\/\/www.benkadi.fr\/index.php?rest_route=\/wp\/v2\/pages"}],"about":[{"href":"http:\/\/www.benkadi.fr\/index.php?rest_route=\/wp\/v2\/types\/page"}],"author":[{"embeddable":true,"href":"http:\/\/www.benkadi.fr\/index.php?rest_route=\/wp\/v2\/users\/33"}],"replies":[{"embeddable":true,"href":"http:\/\/www.benkadi.fr\/index.php?rest_route=%2Fwp%2Fv2%2Fcomments&post=1686"}],"version-history":[{"count":24,"href":"http:\/\/www.benkadi.fr\/index.php?rest_route=\/wp\/v2\/pages\/1686\/revisions"}],"predecessor-version":[{"id":2123,"href":"http:\/\/www.benkadi.fr\/index.php?rest_route=\/wp\/v2\/pages\/1686\/revisions\/2123"}],"wp:attachment":[{"href":"http:\/\/www.benkadi.fr\/index.php?rest_route=%2Fwp%2Fv2%2Fmedia&parent=1686"}],"curies":[{"name":"wp","href":"https:\/\/api.w.org\/{rel}","templated":true}]}}