{"id":1696,"date":"2024-03-09T17:44:21","date_gmt":"2024-03-09T17:44:21","guid":{"rendered":"http:\/\/www.benkadi.fr\/?page_id=1696"},"modified":"2024-03-10T17:28:49","modified_gmt":"2024-03-10T17:28:49","slug":"marie-ange-normand-2","status":"publish","type":"page","link":"http:\/\/www.benkadi.fr\/?page_id=1696","title":{"rendered":"Marie-Ange Normand"},"content":{"rendered":"\n<div style=\"height:56px;width:0px\" aria-hidden=\"true\" class=\"wp-block-spacer\"><\/div>\n\n\n\n<div class=\"wp-block-columns is-layout-flex wp-container-core-columns-layout-1 wp-block-columns-is-layout-flex\">\n<div class=\"wp-block-column is-layout-flow wp-block-column-is-layout-flow\" style=\"flex-basis:33.33%\">\n<figure class=\"wp-block-image size-full is-resized is-style-rounded\"><a href=\"http:\/\/www.benkadi.fr\/wp-content\/uploads\/2024\/03\/Marie-Ange-1.jpg\"><img loading=\"lazy\" decoding=\"async\" width=\"677\" height=\"676\" src=\"http:\/\/www.benkadi.fr\/wp-content\/uploads\/2024\/03\/Marie-Ange-1.jpg\" alt=\"\" class=\"wp-image-1521\" style=\"width:235px;height:auto\" srcset=\"http:\/\/www.benkadi.fr\/wp-content\/uploads\/2024\/03\/Marie-Ange-1.jpg 677w, http:\/\/www.benkadi.fr\/wp-content\/uploads\/2024\/03\/Marie-Ange-1-300x300.jpg 300w, http:\/\/www.benkadi.fr\/wp-content\/uploads\/2024\/03\/Marie-Ange-1-150x150.jpg 150w, http:\/\/www.benkadi.fr\/wp-content\/uploads\/2024\/03\/Marie-Ange-1-400x400.jpg 400w, http:\/\/www.benkadi.fr\/wp-content\/uploads\/2024\/03\/Marie-Ange-1-270x270.jpg 270w\" sizes=\"(max-width: 677px) 100vw, 677px\" \/><\/a><\/figure>\n<\/div>\n\n\n\n<div class=\"wp-block-column is-layout-flow wp-block-column-is-layout-flow\" style=\"flex-basis:66.66%\">\n<p class=\"has-text-align-left\">Passionn\u00e9e de danse et sociologue de<br>formation, elle continue \u00e0 se sp\u00e9cialiser dans<br>les danses traditionnelles d\u2019Afrique de l\u2019Ouest<br>ainsi que dans le Hip-Hop\/Ragga. Pour elle la<br>danse est un moyen d\u2019expression, de partage<br>et d\u2019\u00e9change, ce support permet<br>d\u2019appr\u00e9hender son corps en mouvement et<br>dans l\u2019espace. Une meilleure conscience<br>corporelle aide \u00e0 prendre confiance en soi. Le<br>mot d\u2019ordre reste le plaisir avant tout !<\/p>\n<\/div>\n<\/div>\n\n\n\n<div style=\"height:49px\" aria-hidden=\"true\" class=\"wp-block-spacer\"><\/div>\n\n\n\n<blockquote class=\"wp-block-quote\">\n<p>Mon approche de la danse et mon grand int\u00e9r\u00eat<br>pour la compr\u00e9hension du corps et des<br>relations humaines m&rsquo;am\u00e8nent \u00e0 utiliser mon<br>art comme un outil. La conscientisation du<br>corps, l&rsquo;int\u00e9gration au groupe, le l\u00e2cher prise<br>sont autant d&rsquo;axes de travail particuli\u00e8rement<br>adapt\u00e9s aux publics souffrant de handicaps ou<br>de difficult\u00e9s relationnelles.<\/p>\n<cite>Marie-Ange<\/cite><\/blockquote>\n\n\n\n<div style=\"height:46px\" aria-hidden=\"true\" class=\"wp-block-spacer\"><\/div>\n\n\n\n<div class=\"wp-block-group is-content-justification-center is-nowrap is-layout-flex wp-container-core-group-layout-1 wp-block-group-is-layout-flex\">\n<div class=\"wp-block-buttons is-content-justification-center is-layout-flex wp-container-core-buttons-layout-1 wp-block-buttons-is-layout-flex\">\n<div class=\"wp-block-button is-style-fill\"><a class=\"wp-block-button__link has-background has-text-align-center wp-element-button\" href=\"http:\/\/www.benkadi.fr\/?page_id=1764\" style=\"background-color:#ed6e37\">danses mandingues<\/a><\/div>\n<\/div>\n\n\n\n<div class=\"wp-block-buttons is-layout-flex wp-block-buttons-is-layout-flex\">\n<div class=\"wp-block-button is-style-fill\"><a class=\"wp-block-button__link has-background wp-element-button\" style=\"background-color:#ed6e37\">\u00e9veil musical et corporel<\/a><\/div>\n<\/div>\n\n\n\n<div class=\"wp-block-buttons is-layout-flex wp-block-buttons-is-layout-flex\">\n<div class=\"wp-block-button\"><a class=\"wp-block-button__link has-background wp-element-button\" style=\"background-color:#ed6e37\">danse douce<\/a><\/div>\n<\/div>\n<\/div>\n","protected":false},"excerpt":{"rendered":"<p>Passionn\u00e9e de danse et sociologue deformation, elle continue \u00e0 se sp\u00e9cialiser dansles danses traditionnelles d\u2019Afrique de l\u2019Ouestainsi que dans le Hip-Hop\/Ragga. Pour elle ladanse est un moyen d\u2019expression, de partageet d\u2019\u00e9change, ce support permetd\u2019appr\u00e9hender son corps en mouvement etdans l\u2019espace. &#8230;<\/p>\n","protected":false},"author":33,"featured_media":0,"parent":0,"menu_order":0,"comment_status":"closed","ping_status":"closed","template":"","meta":{"footnotes":""},"_links":{"self":[{"href":"http:\/\/www.benkadi.fr\/index.php?rest_route=\/wp\/v2\/pages\/1696"}],"collection":[{"href":"http:\/\/www.benkadi.fr\/index.php?rest_route=\/wp\/v2\/pages"}],"about":[{"href":"http:\/\/www.benkadi.fr\/index.php?rest_route=\/wp\/v2\/types\/page"}],"author":[{"embeddable":true,"href":"http:\/\/www.benkadi.fr\/index.php?rest_route=\/wp\/v2\/users\/33"}],"replies":[{"embeddable":true,"href":"http:\/\/www.benkadi.fr\/index.php?rest_route=%2Fwp%2Fv2%2Fcomments&post=1696"}],"version-history":[{"count":10,"href":"http:\/\/www.benkadi.fr\/index.php?rest_route=\/wp\/v2\/pages\/1696\/revisions"}],"predecessor-version":[{"id":1896,"href":"http:\/\/www.benkadi.fr\/index.php?rest_route=\/wp\/v2\/pages\/1696\/revisions\/1896"}],"wp:attachment":[{"href":"http:\/\/www.benkadi.fr\/index.php?rest_route=%2Fwp%2Fv2%2Fmedia&parent=1696"}],"curies":[{"name":"wp","href":"https:\/\/api.w.org\/{rel}","templated":true}]}}