{"id":1842,"date":"2024-03-10T16:42:06","date_gmt":"2024-03-10T16:42:06","guid":{"rendered":"http:\/\/www.benkadi.fr\/?page_id=1842"},"modified":"2025-09-10T17:49:55","modified_gmt":"2025-09-10T17:49:55","slug":"eveil-musical-et-corporel","status":"publish","type":"page","link":"http:\/\/www.benkadi.fr\/?page_id=1842","title":{"rendered":"Eveil musical et corporel"},"content":{"rendered":"<div class=\"wp-block-image\">\n<figure class=\"aligncenter size-full\"><a href=\"http:\/\/www.benkadi.fr\/wp-content\/uploads\/2024\/03\/bande.png\"><img loading=\"lazy\" decoding=\"async\" width=\"456\" height=\"19\" src=\"http:\/\/www.benkadi.fr\/wp-content\/uploads\/2024\/03\/bande.png\" alt=\"\" class=\"wp-image-1832\" srcset=\"http:\/\/www.benkadi.fr\/wp-content\/uploads\/2024\/03\/bande.png 456w, http:\/\/www.benkadi.fr\/wp-content\/uploads\/2024\/03\/bande-300x13.png 300w\" sizes=\"(max-width: 456px) 100vw, 456px\" \/><\/a><\/figure><\/div>\n\n\n<figure class=\"wp-block-gallery has-nested-images columns-default is-cropped wp-block-gallery-1 is-layout-flex wp-block-gallery-is-layout-flex\">\n<figure class=\"wp-block-image size-large\"><a href=\"http:\/\/www.benkadi.fr\/wp-content\/uploads\/2024\/03\/2015_01_24_7959_export_640.jpg\"><img loading=\"lazy\" decoding=\"async\" width=\"640\" height=\"427\" data-id=\"1844\" src=\"http:\/\/www.benkadi.fr\/wp-content\/uploads\/2024\/03\/2015_01_24_7959_export_640.jpg\" alt=\"\" class=\"wp-image-1844\" srcset=\"http:\/\/www.benkadi.fr\/wp-content\/uploads\/2024\/03\/2015_01_24_7959_export_640.jpg 640w, http:\/\/www.benkadi.fr\/wp-content\/uploads\/2024\/03\/2015_01_24_7959_export_640-300x200.jpg 300w\" sizes=\"(max-width: 640px) 100vw, 640px\" \/><\/a><\/figure>\n\n\n\n<figure class=\"wp-block-image size-large\"><a href=\"http:\/\/www.benkadi.fr\/wp-content\/uploads\/2024\/02\/DSC02369-scaled.jpg\"><img loading=\"lazy\" decoding=\"async\" width=\"1024\" height=\"685\" data-id=\"1473\" src=\"http:\/\/www.benkadi.fr\/wp-content\/uploads\/2024\/02\/DSC02369-1024x685.jpg\" alt=\"\" class=\"wp-image-1473\" srcset=\"http:\/\/www.benkadi.fr\/wp-content\/uploads\/2024\/02\/DSC02369-1024x685.jpg 1024w, http:\/\/www.benkadi.fr\/wp-content\/uploads\/2024\/02\/DSC02369-300x201.jpg 300w, http:\/\/www.benkadi.fr\/wp-content\/uploads\/2024\/02\/DSC02369-768x513.jpg 768w, http:\/\/www.benkadi.fr\/wp-content\/uploads\/2024\/02\/DSC02369-1536x1027.jpg 1536w, http:\/\/www.benkadi.fr\/wp-content\/uploads\/2024\/02\/DSC02369-2048x1369.jpg 2048w, http:\/\/www.benkadi.fr\/wp-content\/uploads\/2024\/02\/DSC02369-800x535.jpg 800w\" sizes=\"(max-width: 1024px) 100vw, 1024px\" \/><\/a><\/figure>\n\n\n\n<figure class=\"wp-block-image size-large\"><a href=\"http:\/\/www.benkadi.fr\/wp-content\/uploads\/2024\/03\/2015_01_24_7995_export_640.jpg\"><img loading=\"lazy\" decoding=\"async\" width=\"640\" height=\"427\" data-id=\"1845\" src=\"http:\/\/www.benkadi.fr\/wp-content\/uploads\/2024\/03\/2015_01_24_7995_export_640.jpg\" alt=\"\" class=\"wp-image-1845\" srcset=\"http:\/\/www.benkadi.fr\/wp-content\/uploads\/2024\/03\/2015_01_24_7995_export_640.jpg 640w, http:\/\/www.benkadi.fr\/wp-content\/uploads\/2024\/03\/2015_01_24_7995_export_640-300x200.jpg 300w\" sizes=\"(max-width: 640px) 100vw, 640px\" \/><\/a><\/figure>\n<\/figure>\n\n\n\n<blockquote class=\"wp-block-quote\">\n<p>Je mets mon exp\u00e9rience des arts vivants<br>d\u2019Afrique de l\u2019Ouest au service de la petite<br>enfance. Dans un atelier d\u2019une heure nous<br>alternerons entre l&rsquo;invitation \u00e0 la danse, les<br>comptines \u00e0 gestes et l&rsquo;initiation aux percussions.<\/p>\n<cite>Marie-Ange<\/cite><\/blockquote>\n\n\n\n<div class=\"wp-block-columns is-layout-flex wp-container-core-columns-layout-1 wp-block-columns-is-layout-flex\">\n<div class=\"wp-block-column is-layout-flow wp-block-column-is-layout-flow\" style=\"flex-basis:33.33%\">\n<p class=\"has-white-color has-text-color has-background has-link-color wp-elements-59c642a5fce49c1b6e566afff845f70b\" style=\"background-color:#3d2281\">cotisations : 135 euros<\/p>\n\n\n\n<p class=\"has-white-color has-text-color has-background has-link-color wp-elements-e5c06bef1f2875aa2a7a069a85ac9e8f\" style=\"background-color:#3d2281\">adh\u00e9sion : 8 euros<\/p>\n<\/div>\n\n\n\n<div class=\"wp-block-column is-layout-flow wp-block-column-is-layout-flow\" style=\"flex-basis:66.66%\">\n<p class=\"has-medium-font-size\">Mercredi 14h15-15h15 (7-9 ans), 15h15-16h15 (5-6 ans)<\/p>\n\n\n\n<p class=\"has-small-font-size\">Complexe du Bocage, Salle des Sorbier<\/p>\n\n\n\n<p class=\"has-small-font-size\">Promenade Henri Verger, 35410 Nouvoitou<\/p>\n<\/div>\n<\/div>\n\n\n\n<p class=\"has-text-align-center\"><a href=\"https:\/\/benkadi.s2.yapla.com\/fr\/inscription-benkadi-2025-2026-18256\">Inscription 2025-2026<\/a> : reprise le 17 septembre<br><a href=\"mailto:associationbenkadi@gmail.com\" target=\"_blank\" rel=\"noreferrer noopener\">Nous contacter <\/a>pour effectuer une s\u00e9ance d&rsquo;essai<\/p>\n\n\n\n<div class=\"wp-block-buttons is-content-justification-center is-layout-flex wp-container-core-buttons-layout-1 wp-block-buttons-is-layout-flex\">\n<div class=\"wp-block-button\"><a class=\"wp-block-button__link has-background wp-element-button\" href=\"http:\/\/www.benkadi.fr\/?page_id=1696\" style=\"background-color:#ed6e37\">Marie-Ange Normand<\/a><\/div>\n<\/div>\n","protected":false},"excerpt":{"rendered":"<p>Je mets mon exp\u00e9rience des arts vivantsd\u2019Afrique de l\u2019Ouest au service de la petiteenfance. Dans un atelier d\u2019une heure nousalternerons entre l&rsquo;invitation \u00e0 la danse, lescomptines \u00e0 gestes et l&rsquo;initiation aux percussions. Marie-Ange cotisations : 135 euros adh\u00e9sion : 8 &#8230;<\/p>\n","protected":false},"author":33,"featured_media":0,"parent":0,"menu_order":0,"comment_status":"closed","ping_status":"closed","template":"","meta":{"footnotes":""},"_links":{"self":[{"href":"http:\/\/www.benkadi.fr\/index.php?rest_route=\/wp\/v2\/pages\/1842"}],"collection":[{"href":"http:\/\/www.benkadi.fr\/index.php?rest_route=\/wp\/v2\/pages"}],"about":[{"href":"http:\/\/www.benkadi.fr\/index.php?rest_route=\/wp\/v2\/types\/page"}],"author":[{"embeddable":true,"href":"http:\/\/www.benkadi.fr\/index.php?rest_route=\/wp\/v2\/users\/33"}],"replies":[{"embeddable":true,"href":"http:\/\/www.benkadi.fr\/index.php?rest_route=%2Fwp%2Fv2%2Fcomments&post=1842"}],"version-history":[{"count":11,"href":"http:\/\/www.benkadi.fr\/index.php?rest_route=\/wp\/v2\/pages\/1842\/revisions"}],"predecessor-version":[{"id":2124,"href":"http:\/\/www.benkadi.fr\/index.php?rest_route=\/wp\/v2\/pages\/1842\/revisions\/2124"}],"wp:attachment":[{"href":"http:\/\/www.benkadi.fr\/index.php?rest_route=%2Fwp%2Fv2%2Fmedia&parent=1842"}],"curies":[{"name":"wp","href":"https:\/\/api.w.org\/{rel}","templated":true}]}}