{"id":1897,"date":"2024-03-10T17:40:55","date_gmt":"2024-03-10T17:40:55","guid":{"rendered":"http:\/\/www.benkadi.fr\/?page_id=1897"},"modified":"2025-09-10T17:44:29","modified_gmt":"2025-09-10T17:44:29","slug":"chorale-polyphonique","status":"publish","type":"page","link":"http:\/\/www.benkadi.fr\/?page_id=1897","title":{"rendered":"Chorale polyphonique"},"content":{"rendered":"<div class=\"wp-block-image\">\n<figure class=\"aligncenter size-full\"><a href=\"http:\/\/www.benkadi.fr\/wp-content\/uploads\/2024\/03\/bande.png\"><img loading=\"lazy\" decoding=\"async\" width=\"456\" height=\"19\" src=\"http:\/\/www.benkadi.fr\/wp-content\/uploads\/2024\/03\/bande.png\" alt=\"\" class=\"wp-image-1832\" srcset=\"http:\/\/www.benkadi.fr\/wp-content\/uploads\/2024\/03\/bande.png 456w, http:\/\/www.benkadi.fr\/wp-content\/uploads\/2024\/03\/bande-300x13.png 300w\" sizes=\"(max-width: 456px) 100vw, 456px\" \/><\/a><\/figure><\/div>\n\n\n<figure class=\"wp-block-gallery has-nested-images columns-default is-cropped wp-block-gallery-1 is-layout-flex wp-block-gallery-is-layout-flex\">\n<figure class=\"wp-block-image size-large\"><a href=\"http:\/\/www.benkadi.fr\/wp-content\/uploads\/2024\/03\/PMA8311-scaled.jpg\"><img loading=\"lazy\" decoding=\"async\" width=\"1024\" height=\"683\" data-id=\"1898\" src=\"http:\/\/www.benkadi.fr\/wp-content\/uploads\/2024\/03\/PMA8311-1024x683.jpg\" alt=\"\" class=\"wp-image-1898\" srcset=\"http:\/\/www.benkadi.fr\/wp-content\/uploads\/2024\/03\/PMA8311-1024x683.jpg 1024w, http:\/\/www.benkadi.fr\/wp-content\/uploads\/2024\/03\/PMA8311-300x200.jpg 300w, http:\/\/www.benkadi.fr\/wp-content\/uploads\/2024\/03\/PMA8311-768x513.jpg 768w, http:\/\/www.benkadi.fr\/wp-content\/uploads\/2024\/03\/PMA8311-1536x1025.jpg 1536w, http:\/\/www.benkadi.fr\/wp-content\/uploads\/2024\/03\/PMA8311-2048x1367.jpg 2048w, http:\/\/www.benkadi.fr\/wp-content\/uploads\/2024\/03\/PMA8311-800x534.jpg 800w\" sizes=\"(max-width: 1024px) 100vw, 1024px\" \/><\/a><\/figure>\n\n\n\n<figure class=\"wp-block-image size-large\"><a href=\"http:\/\/www.benkadi.fr\/wp-content\/uploads\/2024\/03\/PMA8317-scaled.jpg\"><img loading=\"lazy\" decoding=\"async\" width=\"1024\" height=\"683\" data-id=\"1899\" src=\"http:\/\/www.benkadi.fr\/wp-content\/uploads\/2024\/03\/PMA8317-1024x683.jpg\" alt=\"\" class=\"wp-image-1899\" srcset=\"http:\/\/www.benkadi.fr\/wp-content\/uploads\/2024\/03\/PMA8317-1024x683.jpg 1024w, http:\/\/www.benkadi.fr\/wp-content\/uploads\/2024\/03\/PMA8317-300x200.jpg 300w, http:\/\/www.benkadi.fr\/wp-content\/uploads\/2024\/03\/PMA8317-768x513.jpg 768w, http:\/\/www.benkadi.fr\/wp-content\/uploads\/2024\/03\/PMA8317-1536x1025.jpg 1536w, http:\/\/www.benkadi.fr\/wp-content\/uploads\/2024\/03\/PMA8317-2048x1367.jpg 2048w, http:\/\/www.benkadi.fr\/wp-content\/uploads\/2024\/03\/PMA8317-800x534.jpg 800w\" sizes=\"(max-width: 1024px) 100vw, 1024px\" \/><\/a><\/figure>\n\n\n\n<figure class=\"wp-block-image size-large\"><a href=\"http:\/\/www.benkadi.fr\/wp-content\/uploads\/2024\/03\/PMA8405-scaled.jpg\"><img loading=\"lazy\" decoding=\"async\" width=\"1024\" height=\"683\" data-id=\"1901\" src=\"http:\/\/www.benkadi.fr\/wp-content\/uploads\/2024\/03\/PMA8405-1024x683.jpg\" alt=\"\" class=\"wp-image-1901\" srcset=\"http:\/\/www.benkadi.fr\/wp-content\/uploads\/2024\/03\/PMA8405-1024x683.jpg 1024w, http:\/\/www.benkadi.fr\/wp-content\/uploads\/2024\/03\/PMA8405-300x200.jpg 300w, http:\/\/www.benkadi.fr\/wp-content\/uploads\/2024\/03\/PMA8405-768x513.jpg 768w, http:\/\/www.benkadi.fr\/wp-content\/uploads\/2024\/03\/PMA8405-1536x1025.jpg 1536w, http:\/\/www.benkadi.fr\/wp-content\/uploads\/2024\/03\/PMA8405-2048x1367.jpg 2048w, http:\/\/www.benkadi.fr\/wp-content\/uploads\/2024\/03\/PMA8405-800x534.jpg 800w\" sizes=\"(max-width: 1024px) 100vw, 1024px\" \/><\/a><\/figure>\n<\/figure>\n\n\n\n<blockquote class=\"wp-block-quote\">\n<p>La rencontre avec la polyphonie est un voyage au<br>coeur des traditions orales. C&rsquo;est une invitation \u00e0<br>faire l&rsquo;exp\u00e9rience d&rsquo;un apprentissage nouveau, en<br>toute s\u00e9curit\u00e9. Convivial, sans enjeu de r\u00e9ussite<br>autre que de passer un moment confortable, le<br>plaisir et la joie sont au centre de ce moment de<br>transmission et de<br>partage.<\/p>\n<cite>C\u00e9line<\/cite><\/blockquote>\n\n\n<div class=\"wp-block-image\">\n<figure class=\"aligncenter size-full\"><a href=\"http:\/\/www.benkadi.fr\/wp-content\/uploads\/2024\/03\/bande.png\"><img loading=\"lazy\" decoding=\"async\" width=\"456\" height=\"19\" src=\"http:\/\/www.benkadi.fr\/wp-content\/uploads\/2024\/03\/bande.png\" alt=\"\" class=\"wp-image-1832\" srcset=\"http:\/\/www.benkadi.fr\/wp-content\/uploads\/2024\/03\/bande.png 456w, http:\/\/www.benkadi.fr\/wp-content\/uploads\/2024\/03\/bande-300x13.png 300w\" sizes=\"(max-width: 456px) 100vw, 456px\" \/><\/a><\/figure><\/div>\n\n\n<blockquote class=\"wp-block-quote\">\n<p>Chanter permet d&rsquo;utiliser son corps et sa<br>respiration, en toute s\u00e9curit\u00e9. Les muscles se<br>d\u00e9tendent, les corps se mettent en<br>mouvement et se synchronisent avec les<br>ressources du groupe.<\/p>\n<cite>Marion<\/cite><\/blockquote>\n\n\n\n<div class=\"wp-block-columns is-layout-flex wp-container-core-columns-layout-1 wp-block-columns-is-layout-flex\">\n<div class=\"wp-block-column is-layout-flow wp-block-column-is-layout-flow\" style=\"flex-basis:33.33%\">\n<p class=\"has-white-color has-text-color has-background has-link-color wp-elements-cc1c5f39a4a714988dbf52868ea2b648\" style=\"background-color:#3d2281\">Cotisations : 130 euros<\/p>\n\n\n\n<p class=\"has-white-color has-text-color has-background has-link-color wp-elements-7bb5273e7b91f61e0d6947c67ca71803\" style=\"background-color:#3d2281\">Adh\u00e9sion : 8 euros<\/p>\n<\/div>\n\n\n\n<div class=\"wp-block-column is-layout-flow wp-block-column-is-layout-flow\" style=\"flex-basis:66.66%\">\n<p class=\"has-medium-font-size\">Mardi : 20h30-22h<\/p>\n\n\n\n<p>&nbsp;<\/p>\n\n\n\n<p class=\"has-small-font-size\">Complexe du Bocage, Salle des sorbiers<\/p>\n\n\n\n<p class=\"has-small-font-size\">Promenade Henri Verger, 35410 Nouvoitou<\/p>\n<\/div>\n<\/div>\n\n\n\n<p class=\"has-text-align-center\"><a href=\"https:\/\/benkadi.s2.yapla.com\/fr\/inscription-benkadi-2025-2026-18256\" data-type=\"link\" data-id=\"https:\/\/benkadi.s2.yapla.com\/fr\/inscription-benkadi-2025-2026-18256\">Inscription 2025-2026<\/a> : reprise le 16 septembre<br><a href=\"mailto:associationbenkadi@gmail.com\" data-type=\"mailto\" data-id=\"mailto:associationbenkadi@gmail.com\" target=\"_blank\" rel=\"noreferrer noopener\">Nous contacter <\/a>pour effectuer une s\u00e9ance d&rsquo;essai <\/p>\n\n\n\n<div class=\"wp-block-buttons is-vertical is-content-justification-center is-layout-flex wp-container-core-buttons-layout-1 wp-block-buttons-is-layout-flex\">\n<div class=\"wp-block-button\"><a class=\"wp-block-button__link has-background wp-element-button\" href=\"http:\/\/www.benkadi.fr\/?page_id=1699\" style=\"background-color:#ed6e37\">Marion Dahan<\/a><\/div>\n\n\n\n<div class=\"wp-block-button\"><a class=\"wp-block-button__link has-background wp-element-button\" href=\"http:\/\/www.benkadi.fr\/?page_id=1670\" style=\"background-color:#ed6e37\">C\u00e9line Dahan<\/a><\/div>\n\n\n\n<div class=\"wp-block-button\"><a class=\"wp-block-button__link has-background wp-element-button\" href=\"http:\/\/www.benkadi.fr\/?page_id=2027\" style=\"background-color:#ed6e37\">Anne Sahuc<\/a><\/div>\n<\/div>\n","protected":false},"excerpt":{"rendered":"<p>La rencontre avec la polyphonie est un voyage aucoeur des traditions orales. C&rsquo;est une invitation \u00e0faire l&rsquo;exp\u00e9rience d&rsquo;un apprentissage nouveau, entoute s\u00e9curit\u00e9. Convivial, sans enjeu de r\u00e9ussiteautre que de passer un moment confortable, leplaisir et la joie sont au centre &#8230;<\/p>\n","protected":false},"author":33,"featured_media":0,"parent":0,"menu_order":0,"comment_status":"closed","ping_status":"closed","template":"","meta":{"footnotes":""},"_links":{"self":[{"href":"http:\/\/www.benkadi.fr\/index.php?rest_route=\/wp\/v2\/pages\/1897"}],"collection":[{"href":"http:\/\/www.benkadi.fr\/index.php?rest_route=\/wp\/v2\/pages"}],"about":[{"href":"http:\/\/www.benkadi.fr\/index.php?rest_route=\/wp\/v2\/types\/page"}],"author":[{"embeddable":true,"href":"http:\/\/www.benkadi.fr\/index.php?rest_route=\/wp\/v2\/users\/33"}],"replies":[{"embeddable":true,"href":"http:\/\/www.benkadi.fr\/index.php?rest_route=%2Fwp%2Fv2%2Fcomments&post=1897"}],"version-history":[{"count":8,"href":"http:\/\/www.benkadi.fr\/index.php?rest_route=\/wp\/v2\/pages\/1897\/revisions"}],"predecessor-version":[{"id":2121,"href":"http:\/\/www.benkadi.fr\/index.php?rest_route=\/wp\/v2\/pages\/1897\/revisions\/2121"}],"wp:attachment":[{"href":"http:\/\/www.benkadi.fr\/index.php?rest_route=%2Fwp%2Fv2%2Fmedia&parent=1897"}],"curies":[{"name":"wp","href":"https:\/\/api.w.org\/{rel}","templated":true}]}}